{"id":118,"date":"2020-05-14T20:52:19","date_gmt":"2020-05-14T20:52:19","guid":{"rendered":"https:\/\/geo-bio.de\/?page_id=118"},"modified":"2020-05-14T20:52:19","modified_gmt":"2020-05-14T20:52:19","slug":"stoerzonenfluechter","status":"publish","type":"page","link":"https:\/\/geo-bio.de\/?page_id=118","title":{"rendered":"St\u00f6rzonenfl\u00fcchter"},"content":{"rendered":"\n<p>Tiere<br>St\u00f6rzonenfl\u00fcchter<\/p>\n\n\n\n<p>Hund, Schaf, Maus, Pferd, Kaninchen, Rind, Ente, Fasan, Huhn, Reh, Ziege, Schwein, V\u00f6gel, Wild<\/p>\n\n\n\n<p>Pflanzen<br>St\u00f6rzonenfl\u00fcchter<\/p>\n\n\n\n<p>Apfelbaum, Birnbaum, Kernobst, Birke, Kiefer, Linde, Zimmerlinde, Platane, Nussbaum, Ulme, Buche, Flieder, Sonnenblume, viele Blumen, Blumenkohl, Kohlrabi, Getreide, Gurken ?, Tomaten ?, H\u00fclsenfr\u00fcchte, Johannisbeerstrauch, Kakteen, Mimose<\/p>\n\n\n\n<p>Sie werden sich fragen, warum hinter Gurken und Tomaten ein Fragezeichen steht. Bei eigenem Versuchen stellte ich fest, dass Gurken und Tomaten auf Wasseradern sehr gut, teilweise sogar besser als auf ungest\u00f6rten Stellen wuchsen. Stellte ich die Pflanzen dann aber auf Benkerstreifen oder Benkerkreuzungen, lies der Wuchs nach, einige Pflanzen gingen sogar ein. Es l\u00e4sst sich darum abschliessend noch nicht genau festlegen, ob Gurken und Tomaten nun Strahlenfl\u00fcchter oder Strahlensucher sind.<\/p>\n","protected":false},"excerpt":{"rendered":"<p>TiereSt\u00f6rzonenfl\u00fcchter Hund, Schaf, Maus, Pferd, Kaninchen, Rind, Ente, Fasan, Huhn, Reh, Ziege, Schwein, V\u00f6gel, Wild PflanzenSt\u00f6rzonenfl\u00fcchter Apfelbaum, Birnbaum, Kernobst, Birke, Kiefer, Linde, Zimmerlinde, Platane, Nussbaum, Ulme, Buche, Flieder, Sonnenblume, viele Blumen, Blumenkohl, Kohlrabi, Getreide, Gurken ?, Tomaten ?, H\u00fclsenfr\u00fcchte, Johannisbeerstrauch, Kakteen, Mimose Sie werden sich fragen, warum hinter Gurken und Tomaten ein Fragezeichen steht. Bei&hellip; <br \/> <a class=\"read-more\" href=\"https:\/\/geo-bio.de\/?page_id=118\">Weiterlesen<\/a><\/p>\n","protected":false},"author":1,"featured_media":0,"parent":0,"menu_order":0,"comment_status":"closed","ping_status":"closed","template":"","meta":{"footnotes":""},"class_list":["post-118","page","type-page","status-publish","hentry"],"_links":{"self":[{"href":"https:\/\/geo-bio.de\/index.php?rest_route=\/wp\/v2\/pages\/118","targetHints":{"allow":["GET"]}}],"collection":[{"href":"https:\/\/geo-bio.de\/index.php?rest_route=\/wp\/v2\/pages"}],"about":[{"href":"https:\/\/geo-bio.de\/index.php?rest_route=\/wp\/v2\/types\/page"}],"author":[{"embeddable":true,"href":"https:\/\/geo-bio.de\/index.php?rest_route=\/wp\/v2\/users\/1"}],"replies":[{"embeddable":true,"href":"https:\/\/geo-bio.de\/index.php?rest_route=%2Fwp%2Fv2%2Fcomments&post=118"}],"version-history":[{"count":1,"href":"https:\/\/geo-bio.de\/index.php?rest_route=\/wp\/v2\/pages\/118\/revisions"}],"predecessor-version":[{"id":119,"href":"https:\/\/geo-bio.de\/index.php?rest_route=\/wp\/v2\/pages\/118\/revisions\/119"}],"wp:attachment":[{"href":"https:\/\/geo-bio.de\/index.php?rest_route=%2Fwp%2Fv2%2Fmedia&parent=118"}],"curies":[{"name":"wp","href":"https:\/\/api.w.org\/{rel}","templated":true}]}}