{"id":102,"date":"2020-05-14T11:30:38","date_gmt":"2020-05-14T11:30:38","guid":{"rendered":"https:\/\/geo-bio.de\/?page_id=102"},"modified":"2020-05-14T11:30:38","modified_gmt":"2020-05-14T11:30:38","slug":"wohnungs-und-hausuntersuchungen","status":"publish","type":"page","link":"https:\/\/geo-bio.de\/?page_id=102","title":{"rendered":"Wohnungs- und Hausuntersuchungen"},"content":{"rendered":"\n<figure class=\"wp-block-table\"><table><tbody><tr><td><br>Problemkomplexe und Gesundheitsst\u00f6rungen<br><br>Leiden Sie unter den unten angegebenen Problemen, k\u00f6nnte es sich um St\u00f6rungen Ihres Allgemeinbefindens durch nat\u00fcrliche geopathogenen Zonen, z.B. Magnetfeldanomalien, wasserf\u00fchrende Schichten, Verwerfungen oder Globalgitternetze handeln. Nat\u00fcrlich ist nicht ausgeschlossen, dass Sie auch auf k\u00fcnstliche oder technische St\u00f6rfelder, z. B. Strom, Magnetfelder oder HF &#8211; Belastung durch Mobilfunk reagieren. Vergleichen Sie einfach einmal.<br><br>Typische Merkmale, die bei St\u00f6rzonen, geopathogenen Zonen, Elektrosmog, HF &#8211; Belastung durch Mobilfunk im Schlafbereich und im t\u00e4glichen Leben auftreten k\u00f6nnen<br><br>Energielosigkeit, Abgeschlagenheit oder M\u00fcdigkeit am Morgen, oft auch den ganzen Tag hindurch,<br>Ersch\u00f6pfungszust\u00e4nde, Schwei\u00dfausbr\u00fcche oder K\u00e4ltegef\u00fchl, Verspannungen, Muskelkr\u00e4mpfe<br>Unruhiger Schlaf, schwere Tr\u00e4ume \u2013 z.B. Angsttr\u00e4ume, Aufschreien im Schlaf, zerw\u00fchltes Betttuch. Schwitzen oder Frieren im Bett, Nachtschwei\u00df, Klappern und Knirschen mit den Z\u00e4hnen.<br>Missmut, Depressionen, Unwohlsein, Nervosit\u00e4t, Neurodermitis, Kr\u00e4mpfe, Herzrhythmusst\u00f6rungen, Herzklopfen im Bett, Herz-Kreislauferkrankungen, Tinnitus, Kopfschmerzen, Migr\u00e4ne, R\u00fcckenschmerzen, neurologische Erkrankungen, St\u00e4ndig wiederkehrende oder chronische Beschwerden, Appetitlosigkeit,&nbsp; gest\u00f6rtes Immunsystem, Allergien, Stoffwechselst\u00f6rungen, Hormonst\u00f6rungen, Magen-Darm-Probleme, beschleunigtes Krebswachstum,<br>Konzentrationsprobleme, Menstruationsbeschwerden, Empf\u00e4ngnisschwierigkeiten,<br><br>Flucht aus dem Bett bei Kindern zwischen 2 Uhr und 5 Uhr,<br>unbegr\u00fcndetes Schreien bei Babys, Schlafwandeln, Hocken und Wippen im Bett,<br>Bettn\u00e4ssen, Aggressivit\u00e4t, Reizbarkeit,<br>&nbsp;Einschlaf- und Durchschlafst\u00f6rungen, quer im Bett liegen,<br>Sich aus dem Bett rollen.<br><br>Wichtiger Hinweis in eigener Sache!<br><br>Sollten bei Ihnen ein oder mehr der genannten gesundheitlichen Probleme auftreten, ist es zwingend notwendig einen Arzt aufzusuchen.<br><br>Da im wissenschaftlichen Sinn noch keine St\u00f6rzonen, geopathogenen Zonen, Elektrosmog und HF &#8211; Belastung durch Mobilfunk existieren, weise ich Sie darauf hin, dass es auch konsequenter Weise in der Lehrmeinung der Schulmedizin keinerlei Zusammenh\u00e4nge zwischen St\u00f6rzonen, geopathogenen Zonen, Elektrosmog, HF &#8211; Belastung durch Mobilfunk und k\u00f6rperlichen Beschwerden gibt. W\u00fcnschenswert w\u00e4re es, wenn es in diesem Bereich zu einer verantwortungsvollen Zusammenarbeit aller Beteiligten zum Wohle des kranken und geschw\u00e4chten Menschen kommen w\u00fcrde.<br><br>Geopathogene Zonen, St\u00f6rzonen, Elektrosmog, HF &#8211; Belastung durch Mobilfunk und ihre Wirkungsweise sind bis heute f\u00fcr die Wissenschaft nicht existent. Alle getroffenen Aussagen basieren auf Recherchen im deutschen und internationalen Raum, sowie durch eigene berufliche Erfahrung.<\/td><\/tr><\/tbody><\/table><\/figure>\n","protected":false},"excerpt":{"rendered":"<p>Problemkomplexe und Gesundheitsst\u00f6rungen Leiden Sie unter den unten angegebenen Problemen, k\u00f6nnte es sich um St\u00f6rungen Ihres Allgemeinbefindens durch nat\u00fcrliche geopathogenen Zonen, z.B. Magnetfeldanomalien, wasserf\u00fchrende Schichten, Verwerfungen oder Globalgitternetze handeln. Nat\u00fcrlich ist nicht ausgeschlossen, dass Sie auch auf k\u00fcnstliche oder technische St\u00f6rfelder, z. B. Strom, Magnetfelder oder HF &#8211; Belastung durch Mobilfunk reagieren. Vergleichen Sie einfach&hellip; <br \/> <a class=\"read-more\" href=\"https:\/\/geo-bio.de\/?page_id=102\">Weiterlesen<\/a><\/p>\n","protected":false},"author":1,"featured_media":0,"parent":0,"menu_order":0,"comment_status":"closed","ping_status":"closed","template":"","meta":{"footnotes":""},"class_list":["post-102","page","type-page","status-publish","hentry"],"_links":{"self":[{"href":"https:\/\/geo-bio.de\/index.php?rest_route=\/wp\/v2\/pages\/102","targetHints":{"allow":["GET"]}}],"collection":[{"href":"https:\/\/geo-bio.de\/index.php?rest_route=\/wp\/v2\/pages"}],"about":[{"href":"https:\/\/geo-bio.de\/index.php?rest_route=\/wp\/v2\/types\/page"}],"author":[{"embeddable":true,"href":"https:\/\/geo-bio.de\/index.php?rest_route=\/wp\/v2\/users\/1"}],"replies":[{"embeddable":true,"href":"https:\/\/geo-bio.de\/index.php?rest_route=%2Fwp%2Fv2%2Fcomments&post=102"}],"version-history":[{"count":1,"href":"https:\/\/geo-bio.de\/index.php?rest_route=\/wp\/v2\/pages\/102\/revisions"}],"predecessor-version":[{"id":104,"href":"https:\/\/geo-bio.de\/index.php?rest_route=\/wp\/v2\/pages\/102\/revisions\/104"}],"wp:attachment":[{"href":"https:\/\/geo-bio.de\/index.php?rest_route=%2Fwp%2Fv2%2Fmedia&parent=102"}],"curies":[{"name":"wp","href":"https:\/\/api.w.org\/{rel}","templated":true}]}}